{"id":1009,"date":"2022-06-07T10:13:18","date_gmt":"2022-06-07T08:13:18","guid":{"rendered":"https:\/\/villamonte.uniqeurope.com\/?page_id=1009"},"modified":"2022-07-29T16:15:13","modified_gmt":"2022-07-29T14:15:13","slug":"o-nama","status":"publish","type":"page","link":"https:\/\/villamonte.me\/?page_id=1009","title":{"rendered":"O NAMA"},"content":{"rendered":"<p>[vc_row][vc_column el_id=&#8221;logoalti&#8221;][vc_column_text el_class=&#8221;mb-0&#8243;]~ OSJET\u0130TE SE \u017d\u0130V\u0130M ~[\/vc_column_text][\/vc_column][\/vc_row][vc_row][vc_column width=&#8221;5\/12&#8243; el_class=&#8221;pe-0&#8243;][vc_empty_space][vc_custom_heading text=&#8221;O Nama&#8221; font_container=&#8221;tag:h2|font_size:6em|text_align:left|color:%2374907f&#8221; use_theme_fonts=&#8221;yes&#8221; el_class=&#8221;mb-0&#8243;][vc_column_text]<\/p>\n<p class=\"lead\">Jedno od najzelenijih podru\u010dja zemlje, <span class=\"font-alternative\">Danilovgrad&#8230;<\/span><\/p>\n<p class=\"lead\">Najzna\u010dajnije naslje\u0111e koje c\u0301ete ostaviti za buduc\u0301nost Va\u0161oj djeci i unucima. \u017divahan dru\u0161tveni \u017eivot i pozitivna energija. Visok kvalitet \u017eivota dostupan na pje\u0161a\u010dkoj udaljenosti.<\/p>\n<p>[\/vc_column_text][vc_column_text]Mjesto gdje osje\u0107ate mir i srec\u0301u i \u017eivite zadovoljno sa svojim kom\u0161ijama&#8230; Mjesto gdje svjedo\u010dite svakoj boji prirode, dopirete do neba i dodirujete oblake \u2013 Villa Monte.<br \/>\nVi\u0161e od doma! Potpuno novi stil \u017eivota uz veli\u010danstvene boje prirode.[\/vc_column_text][vc_btn title=&#8221;arhitektura&#8221; color=&#8221;white&#8221; size=&#8221;lg&#8221; align=&#8221;right&#8221; i_align=&#8221;right&#8221; i_icon_fontawesome=&#8221;fas fa-arrow-right&#8221; hover_effect=&#8221;hover-icon-right&#8221; add_icon=&#8221;true&#8221; link=&#8221;url:%2Farhitektura%2F|title:ARHITEKTURA&#8221; el_class=&#8221;oklubuton&#8221;][\/vc_column][vc_column width=&#8221;7\/12&#8243;][vc_empty_space]<div class=\"porto-carousel owl-carousel has-ccols ccols-1 stage-margin nav-bottom nav-style-1\" data-plugin-options=\"{&quot;stagePadding&quot;:40,&quot;margin&quot;:10,&quot;autoplay&quot;:&quot;yes&quot;,&quot;autoplayTimeout&quot;:3000,&quot;autoplayHoverPause&quot;:&quot;true&quot;,&quot;items&quot;:1,&quot;lg&quot;:1,&quot;md&quot;:1,&quot;sm&quot;:1,&quot;xs&quot;:1,&quot;nav&quot;:&quot;yes&quot;,&quot;dots&quot;:false,&quot;animateIn&quot;:&quot;&quot;,&quot;animateOut&quot;:&quot;&quot;,&quot;loop&quot;:&quot;yes&quot;,&quot;center&quot;:false,&quot;video&quot;:false,&quot;lazyLoad&quot;:false,&quot;fullscreen&quot;:false}\">[vc_single_image image=&#8221;603&#8243; img_size=&#8221;full&#8221;][vc_single_image image=&#8221;554&#8243; img_size=&#8221;full&#8221;][vc_single_image image=&#8221;543&#8243; img_size=&#8221;full&#8221;][vc_single_image image=&#8221;539&#8243; img_size=&#8221;full&#8221;]<\/div>[\/vc_column][\/vc_row][vc_row][vc_column][vc_empty_space height=&#8221;64px&#8221;][\/vc_column][\/vc_row][vc_row][vc_column][vc_single_image image=&#8221;698&#8243; img_size=&#8221;full&#8221;][\/vc_column][\/vc_row][vc_row][vc_column width=&#8221;1\/6&#8243;][\/vc_column][vc_column width=&#8221;2\/3&#8243;][vc_custom_heading text=&#8221;Prednosti Villa Monte&#8221; font_container=&#8221;tag:h2|font_size:4.5em|text_align:center|color:%2374907f&#8221; use_theme_fonts=&#8221;yes&#8221;][vc_column_text]<\/p>\n<p class=\"lead\" style=\"text-align: center;\">Jedinstvene zelene \u0161ume, prostrano plavo nebo<\/p>\n<p class=\"font-alternative lead\" style=\"text-align: center; font-size: 2.2em;\">U VillaMonte c\u0301ete jednostavno u\u017eivati u trenutku.<\/p>\n<p>[\/vc_column_text]<style>#porto-info-list121916870069e35b8feb13f i { color: #679180;font-size: 20px; }<\/style><ul id=\"porto-info-list121916870069e35b8feb13f\" class=\"porto-info-list \"><li class=\"porto-info-list-item\"><i class=\"porto-info-icon Simple-Line-Icons-action-redo\"><\/i><div class=\"porto-info-list-item-desc\" style=\"font-size: 18px;\">Miran \u017eivot &#8211; 10 vila se prostire na 8000 m2.<\/div><\/li><li class=\"porto-info-list-item\"><i class=\"porto-info-icon Simple-Line-Icons-action-redo\"><\/i><div class=\"porto-info-list-item-desc\" style=\"font-size: 18px;\">Svaka vila ima veliku ba\u0161tu i bazen (po \u017eelji).<\/div><\/li><li class=\"porto-info-list-item\"><i class=\"porto-info-icon Simple-Line-Icons-action-redo\"><\/i><div class=\"porto-info-list-item-desc\" style=\"font-size: 18px;\">Rasko\u0161an arhitektonski koncept pun elegantnih detalja.<\/div><\/li><li class=\"porto-info-list-item\"><i class=\"porto-info-icon Simple-Line-Icons-action-redo\"><\/i><div class=\"porto-info-list-item-desc\" style=\"font-size: 18px;\">Zdrav i aktivan \u017eivot -staza za \u0161etnju i teretana.<\/div><\/li><li class=\"porto-info-list-item\"><i class=\"porto-info-icon Simple-Line-Icons-action-redo\"><\/i><div class=\"porto-info-list-item-desc\" style=\"font-size: 18px;\">Mnoge privilegije na otvorenom kao \u0161to je prostor za ro\u0161tilj.<\/div><\/li><li class=\"porto-info-list-item\"><i class=\"porto-info-icon Simple-Line-Icons-action-redo\"><\/i><div class=\"porto-info-list-item-desc\" style=\"font-size: 18px;\">Privilegija da ste okru\u017eeni \u0161umama i planinama u jednom od najzelenijih podru\u010dja Crne Gore.<\/div><\/li><li class=\"porto-info-list-item\"><i class=\"porto-info-icon Simple-Line-Icons-action-redo\"><\/i><div class=\"porto-info-list-item-desc\" style=\"font-size: 18px;\">Prijatan dru\u0161tveni \u017eivot sa bogatim sadr\u017eajima i mjestima za odmor.<\/div><\/li><li class=\"porto-info-list-item\"><i class=\"porto-info-icon Simple-Line-Icons-action-redo\"><\/i><div class=\"porto-info-list-item-desc\" style=\"font-size: 18px;\">Izuzetno bezbjedna igrali\u0161ta za Va\u0161u djecu.<\/div><\/li><li class=\"porto-info-list-item\"><i class=\"porto-info-icon Simple-Line-Icons-action-redo\"><\/i><div class=\"porto-info-list-item-desc\" style=\"font-size: 18px;\">Svi gradski sadr\u017eaji na dohvat ruke na pje\u0161a\u010dkoj udaljenosti.<\/div><\/li><li class=\"porto-info-list-item\"><i class=\"porto-info-icon Simple-Line-Icons-action-redo\"><\/i><div class=\"porto-info-list-item-desc\" style=\"font-size: 18px;\">\u010cisto, zdravo, oduzima dah\u2026<\/div><\/li><li class=\"porto-info-list-item\"><i class=\"porto-info-icon Simple-Line-Icons-action-redo\"><\/i><div class=\"porto-info-list-item-desc\" style=\"font-size: 18px;\">Pejza\u017e sa pogledom na \u0161umu i planinu, stambeni prostori koji su otvoreni i integrisani sa zelenilom.<\/div><\/li><li class=\"porto-info-list-item\"><i class=\"porto-info-icon Simple-Line-Icons-action-redo\"><\/i><div class=\"porto-info-list-item-desc\" style=\"font-size: 18px;\">Zdrav \u017eivot sa puno kiseonika koji ja\u010da va\u0161 imunolo\u0161ki sistem, ekolo\u0161ki \u017eivot i organska ishrana odmah pored Vas.<\/div><\/li><\/ul>[\/vc_column][vc_column width=&#8221;1\/6&#8243;][\/vc_column][\/vc_row]<\/p>\n","protected":false},"excerpt":{"rendered":"<p>[vc_row][vc_column el_id=&#8221;logoalti&#8221;][vc_column_text el_class=&#8221;mb-0&#8243;]~ OSJET\u0130TE SE \u017d\u0130V\u0130M ~[\/vc_column_text][\/vc_column][\/vc_row][vc_row][vc_column width=&#8221;5\/12&#8243; el_class=&#8221;pe-0&#8243;][vc_empty_space][vc_custom_heading text=&#8221;O Nama&#8221; font_container=&#8221;tag:h2|font_size:6em|text_align:left|color:%2374907f&#8221; use_theme_fonts=&#8221;yes&#8221; el_class=&#8221;mb-0&#8243;][vc_column_text] Jedno od najzelenijih podru\u010dja zemlje, Danilovgrad&#8230; Najzna\u010dajnije naslje\u0111e koje c\u0301ete ostaviti za buduc\u0301nost Va\u0161oj djeci i unucima. \u017divahan dru\u0161tveni \u017eivot i pozitivna energija. Visok kvalitet \u017eivota dostupan na pje\u0161a\u010dkoj udaljenosti. [\/vc_column_text][vc_column_text]Mjesto gdje osje\u0107ate mir i srec\u0301u i \u017eivite zadovoljno sa svojim [&hellip;]<\/p>\n","protected":false},"author":1,"featured_media":0,"parent":0,"menu_order":0,"comment_status":"closed","ping_status":"closed","template":"","meta":{"footnotes":""},"class_list":["post-1009","page","type-page","status-publish","hentry"],"_links":{"self":[{"href":"https:\/\/villamonte.me\/index.php?rest_route=\/wp\/v2\/pages\/1009","targetHints":{"allow":["GET"]}}],"collection":[{"href":"https:\/\/villamonte.me\/index.php?rest_route=\/wp\/v2\/pages"}],"about":[{"href":"https:\/\/villamonte.me\/index.php?rest_route=\/wp\/v2\/types\/page"}],"author":[{"embeddable":true,"href":"https:\/\/villamonte.me\/index.php?rest_route=\/wp\/v2\/users\/1"}],"replies":[{"embeddable":true,"href":"https:\/\/villamonte.me\/index.php?rest_route=%2Fwp%2Fv2%2Fcomments&post=1009"}],"version-history":[{"count":11,"href":"https:\/\/villamonte.me\/index.php?rest_route=\/wp\/v2\/pages\/1009\/revisions"}],"predecessor-version":[{"id":1193,"href":"https:\/\/villamonte.me\/index.php?rest_route=\/wp\/v2\/pages\/1009\/revisions\/1193"}],"wp:attachment":[{"href":"https:\/\/villamonte.me\/index.php?rest_route=%2Fwp%2Fv2%2Fmedia&parent=1009"}],"curies":[{"name":"wp","href":"https:\/\/api.w.org\/{rel}","templated":true}]}}