{"id":1014,"date":"2022-06-07T10:18:33","date_gmt":"2022-06-07T08:18:33","guid":{"rendered":"https:\/\/villamonte.uniqeurope.com\/?page_id=1014"},"modified":"2022-06-10T15:12:00","modified_gmt":"2022-06-10T13:12:00","slug":"zivot","status":"publish","type":"page","link":"https:\/\/villamonte.me\/?page_id=1014","title":{"rendered":"\u017dIVOT"},"content":{"rendered":"<p>[vc_row][vc_column el_id=&#8221;logoalti&#8221;][vc_column_text el_class=&#8221;mb-0&#8243;]~ OSJET\u0130TE SE \u017d\u0130V\u0130M ~[\/vc_column_text][\/vc_column][\/vc_row][vc_row el_id=&#8221;home_section_1&#8243; el_class=&#8221;pt-3 mt-3&#8243;][vc_column width=&#8221;5\/12&#8243; el_class=&#8221;pe-0&#8243;][vc_custom_heading text=&#8221;Da Biste Bili Sre\u0107ni&#8221; font_container=&#8221;tag:h2|font_size:4.1em|text_align:left|color:%2374907f&#8221; use_theme_fonts=&#8221;yes&#8221; el_class=&#8221;mb-0&#8243;][vc_custom_heading text=&#8221;MISLILI SMO NA SVE&#8221; font_container=&#8221;tag:h4|font_size:2em|text_align:left&#8221; use_theme_fonts=&#8221;yes&#8221; el_class=&#8221;mb-2&#8243;][vc_column_text el_class=&#8221;pt-3&#8243;]<\/p>\n<p class=\"lead\">Oslobodite se stresa tokom dana u svom privatnom bazenu i u\u017eivajte u suncu na svojoj le\u017ealjci.<\/p>\n<p>Opustite se dok njegujete cvije\u0107e u svojoj velikoj ba\u0161ti. U\u017eivajte sa svojim najmilijima uz dru\u017eenje kod ro\u0161tilja.<\/p>\n<p class=\"lead font-alternative\">Brojne privilegije za dru\u0161tveni \u017eivot&#8230;<\/p>\n<p>[\/vc_column_text][vc_column_text]<\/p>\n<p class=\"lead\">Prednost organizacije sastanaka bez napu\u0161tanja Va\u0161eg doma, u mirnom radnom okru\u017eenju u Va\u0161oj radnoj sobi.<\/p>\n<p>[\/vc_column_text][\/vc_column][vc_column width=&#8221;7\/12&#8243;]<div class=\"porto-carousel owl-carousel has-ccols ccols-1 stage-margin nav-bottom nav-style-1\" data-plugin-options=\"{&quot;stagePadding&quot;:40,&quot;margin&quot;:10,&quot;autoplay&quot;:&quot;yes&quot;,&quot;autoplayTimeout&quot;:3000,&quot;autoplayHoverPause&quot;:&quot;true&quot;,&quot;items&quot;:1,&quot;lg&quot;:1,&quot;md&quot;:1,&quot;sm&quot;:1,&quot;xs&quot;:1,&quot;nav&quot;:&quot;yes&quot;,&quot;dots&quot;:false,&quot;animateIn&quot;:&quot;&quot;,&quot;animateOut&quot;:&quot;&quot;,&quot;loop&quot;:&quot;yes&quot;,&quot;center&quot;:false,&quot;video&quot;:false,&quot;lazyLoad&quot;:false,&quot;fullscreen&quot;:false}\">[vc_single_image image=&#8221;528&#8243; img_size=&#8221;full&#8221;][vc_single_image image=&#8221;529&#8243; img_size=&#8221;full&#8221;][vc_single_image image=&#8221;530&#8243; img_size=&#8221;full&#8221;][vc_single_image image=&#8221;531&#8243; img_size=&#8221;full&#8221;]<\/div>[\/vc_column][\/vc_row][vc_row][vc_column][vc_empty_space height=&#8221;64px&#8221;]<div class=\"porto-carousel owl-carousel has-ccols ccols-1 stage-margin nav-bottom nav-style-1\" data-plugin-options=\"{&quot;stagePadding&quot;:40,&quot;margin&quot;:10,&quot;autoplay&quot;:&quot;yes&quot;,&quot;autoplayTimeout&quot;:3000,&quot;autoplayHoverPause&quot;:&quot;true&quot;,&quot;items&quot;:1,&quot;lg&quot;:1,&quot;md&quot;:1,&quot;sm&quot;:1,&quot;xs&quot;:1,&quot;nav&quot;:&quot;yes&quot;,&quot;dots&quot;:false,&quot;animateIn&quot;:&quot;&quot;,&quot;animateOut&quot;:&quot;&quot;,&quot;loop&quot;:&quot;yes&quot;,&quot;center&quot;:false,&quot;video&quot;:false,&quot;lazyLoad&quot;:false,&quot;fullscreen&quot;:false}\">[vc_single_image image=&#8221;648&#8243; img_size=&#8221;full&#8221;][vc_single_image image=&#8221;575&#8243; img_size=&#8221;full&#8221;][vc_single_image image=&#8221;579&#8243; img_size=&#8221;full&#8221;]<\/div>[\/vc_column][\/vc_row][vc_row][vc_column][vc_empty_space height=&#8221;36px&#8221;][\/vc_column][\/vc_row][vc_row equal_height=&#8221;yes&#8221; el_class=&#8221;vertabs align-items-center&#8221;][vc_column width=&#8221;7\/12&#8243;][vc_single_image image=&#8221;598&#8243; img_size=&#8221;full&#8221;][\/vc_column][vc_column width=&#8221;5\/12&#8243;][vc_custom_heading text=&#8221;Bezbroj Privilegija&#8221; font_container=&#8221;tag:h2|font_size:4.2em|text_align:left|color:%2374907f&#8221; use_theme_fonts=&#8221;yes&#8221;][vc_column_text]<\/p>\n<p class=\"lead\">Mo\u017eete se baviti sportom u teretani i pro\u0161etati sa porodicom kroz drvored na stazama za \u0161etnju.<\/p>\n<p class=\"lead font-alternative\">Osmislili smo najbolji \u017eivotni prostor za Va\u0161u djecu gdje \u0107e biti bezbjedna.<\/p>\n<p class=\"lead\">Dok se djeca bezbjedno igraju na igrali\u0161tu,\u00a0 Vi mo\u017eete u\u017eivati u kafi i zabaviti se, posmatraju\u0107i ih kroz staklene povr\u0161ine. Alternativno, koriste\u0107i smart home sistem, mo\u017eete ih pratiti preko svog mobilnog telefona od ku\u0107e.<\/p>\n<p>[\/vc_column_text][\/vc_column][\/vc_row][vc_row][vc_column][vc_empty_space height=&#8221;36px&#8221;][\/vc_column][\/vc_row][vc_row equal_height=&#8221;yes&#8221; el_class=&#8221;vertabs align-items-center&#8221;][vc_column width=&#8221;1\/2&#8243;][vc_custom_heading text=&#8221;Za Va\u0161 Miran San&#8221; font_container=&#8221;tag:h2|font_size:5em|text_align:left|color:%2374907f&#8221; use_theme_fonts=&#8221;yes&#8221;][vc_column_text]<\/p>\n<p class=\"lead font-alternative\" style=\"text-align: left;\">Kompleks VillaMonte je za\u0161ti\u0107en i pod nadzorom 24h dnevno.<\/p>\n<p class=\"lead\" style=\"text-align: left;\">Tako\u0111e smo mislili i o Va\u0161im automobilima, ispred svake vile bi\u0107e dva parking mjesta. Mo\u0107i \u0107ete da u\u0111ete direktno u Va\u0161 dom a da ne pokisnete.<\/p>\n<p>VillaMonte je jedan od najsigurnijih \u017eivotnih kompleksa u Crnoj Gori, okru\u017een sigurnosnim zidovima, sa kontrolisanim pristupom sa glavne kapije i potpuno za\u0161tic\u0301en 24-\u010dasovnim nadzorom kamerama.<\/p>\n<p>Kupovinu mo\u017eete obaviti u marketima pored Vas.[\/vc_column_text][\/vc_column][vc_column width=&#8221;1\/2&#8243;][vc_single_image image=&#8221;603&#8243; img_size=&#8221;full&#8221; animation_type=&#8221;bounce&#8221;][\/vc_column][\/vc_row][vc_row][vc_column][vc_empty_space height=&#8221;36px&#8221;][\/vc_column][\/vc_row][vc_row el_class=&#8221;align-items-center&#8221;][vc_column width=&#8221;1\/2&#8243;][vc_single_image image=&#8221;554&#8243; img_size=&#8221;full&#8221; alignment=&#8221;center&#8221; animation_type=&#8221;bounce&#8221;][\/vc_column][vc_column width=&#8221;1\/2&#8243;][vc_custom_heading text=&#8221;U\u017eivajte u Jahanju Konja&#8221; font_container=&#8221;tag:h2|font_size:5.5em|text_align:left|color:%2374907f|line_height:0.9em&#8221; use_theme_fonts=&#8221;yes&#8221;][vc_column_text]<\/p>\n<p class=\"lead\">Ako ste zainteresovani za jahanje konja, mo\u017eete svratiti na farmu udaljenu 10 minuta i tu provesti vrijeme\u2026<\/p>\n<p>[\/vc_column_text][\/vc_column][\/vc_row]<\/p>\n","protected":false},"excerpt":{"rendered":"<p>[vc_row][vc_column el_id=&#8221;logoalti&#8221;][vc_column_text el_class=&#8221;mb-0&#8243;]~ OSJET\u0130TE SE \u017d\u0130V\u0130M ~[\/vc_column_text][\/vc_column][\/vc_row][vc_row el_id=&#8221;home_section_1&#8243; el_class=&#8221;pt-3 mt-3&#8243;][vc_column width=&#8221;5\/12&#8243; el_class=&#8221;pe-0&#8243;][vc_custom_heading text=&#8221;Da Biste Bili Sre\u0107ni&#8221; font_container=&#8221;tag:h2|font_size:4.1em|text_align:left|color:%2374907f&#8221; use_theme_fonts=&#8221;yes&#8221; el_class=&#8221;mb-0&#8243;][vc_custom_heading text=&#8221;MISLILI SMO NA SVE&#8221; font_container=&#8221;tag:h4|font_size:2em|text_align:left&#8221; use_theme_fonts=&#8221;yes&#8221; el_class=&#8221;mb-2&#8243;][vc_column_text el_class=&#8221;pt-3&#8243;] Oslobodite se stresa tokom dana u svom privatnom bazenu i u\u017eivajte u suncu na svojoj le\u017ealjci. Opustite se dok njegujete cvije\u0107e u svojoj velikoj ba\u0161ti. U\u017eivajte sa svojim [&hellip;]<\/p>\n","protected":false},"author":1,"featured_media":0,"parent":0,"menu_order":0,"comment_status":"closed","ping_status":"closed","template":"","meta":{"footnotes":""},"class_list":["post-1014","page","type-page","status-publish","hentry"],"_links":{"self":[{"href":"https:\/\/villamonte.me\/index.php?rest_route=\/wp\/v2\/pages\/1014","targetHints":{"allow":["GET"]}}],"collection":[{"href":"https:\/\/villamonte.me\/index.php?rest_route=\/wp\/v2\/pages"}],"about":[{"href":"https:\/\/villamonte.me\/index.php?rest_route=\/wp\/v2\/types\/page"}],"author":[{"embeddable":true,"href":"https:\/\/villamonte.me\/index.php?rest_route=\/wp\/v2\/users\/1"}],"replies":[{"embeddable":true,"href":"https:\/\/villamonte.me\/index.php?rest_route=%2Fwp%2Fv2%2Fcomments&post=1014"}],"version-history":[{"count":17,"href":"https:\/\/villamonte.me\/index.php?rest_route=\/wp\/v2\/pages\/1014\/revisions"}],"predecessor-version":[{"id":1182,"href":"https:\/\/villamonte.me\/index.php?rest_route=\/wp\/v2\/pages\/1014\/revisions\/1182"}],"wp:attachment":[{"href":"https:\/\/villamonte.me\/index.php?rest_route=%2Fwp%2Fv2%2Fmedia&parent=1014"}],"curies":[{"name":"wp","href":"https:\/\/api.w.org\/{rel}","templated":true}]}}